{"id":108,"date":"2025-03-03T18:50:45","date_gmt":"2025-03-03T18:50:45","guid":{"rendered":"https:\/\/simplythai.li\/?page_id=108"},"modified":"2026-03-22T09:45:37","modified_gmt":"2026-03-22T09:45:37","slug":"home","status":"publish","type":"page","link":"https:\/\/simplythai.li\/","title":{"rendered":"Home"},"content":{"rendered":"\n<div class=\"wp-block-columns alignwide is-style-default is-layout-flex wp-container-core-columns-is-layout-28f84493 wp-block-columns-is-layout-flex\">\n<div class=\"wp-block-column is-layout-flow wp-block-column-is-layout-flow\" style=\"flex-basis:100%\">\n<figure class=\"wp-block-gallery has-nested-images columns-default is-cropped wp-block-gallery-1 is-layout-flex wp-block-gallery-is-layout-flex\">\n<figure data-wp-context=\"{&quot;imageId&quot;:&quot;69e42d16329b3&quot;}\" data-wp-interactive=\"core\/image\" data-wp-key=\"69e42d16329b3\" class=\"wp-block-image size-large is-style-default wp-lightbox-container\"><img loading=\"lazy\" decoding=\"async\" width=\"1024\" height=\"576\" data-wp-class--hide=\"state.isContentHidden\" data-wp-class--show=\"state.isContentVisible\" data-wp-init=\"callbacks.setButtonStyles\" data-wp-on--click=\"actions.showLightbox\" data-wp-on--load=\"callbacks.setButtonStyles\" data-wp-on-window--resize=\"callbacks.setButtonStyles\" data-id=\"211\" src=\"https:\/\/simplythai.li\/wp-content\/uploads\/2025\/05\/DSC04078-1-1024x576.jpg\" alt=\"\" class=\"wp-image-211\" srcset=\"https:\/\/simplythai.li\/wp-content\/uploads\/2025\/05\/DSC04078-1-1024x576.jpg 1024w, https:\/\/simplythai.li\/wp-content\/uploads\/2025\/05\/DSC04078-1-300x169.jpg 300w, https:\/\/simplythai.li\/wp-content\/uploads\/2025\/05\/DSC04078-1-768x432.jpg 768w, https:\/\/simplythai.li\/wp-content\/uploads\/2025\/05\/DSC04078-1-1536x864.jpg 1536w, https:\/\/simplythai.li\/wp-content\/uploads\/2025\/05\/DSC04078-1-2048x1152.jpg 2048w\" sizes=\"auto, (max-width: 1024px) 100vw, 1024px\" \/><button\n\t\t\tclass=\"lightbox-trigger\"\n\t\t\ttype=\"button\"\n\t\t\taria-haspopup=\"dialog\"\n\t\t\taria-label=\"Vergr\u00f6\u00dfern\"\n\t\t\tdata-wp-init=\"callbacks.initTriggerButton\"\n\t\t\tdata-wp-on--click=\"actions.showLightbox\"\n\t\t\tdata-wp-style--right=\"state.imageButtonRight\"\n\t\t\tdata-wp-style--top=\"state.imageButtonTop\"\n\t\t>\n\t\t\t<svg xmlns=\"http:\/\/www.w3.org\/2000\/svg\" width=\"12\" height=\"12\" fill=\"none\" viewBox=\"0 0 12 12\">\n\t\t\t\t<path fill=\"#fff\" d=\"M2 0a2 2 0 0 0-2 2v2h1.5V2a.5.5 0 0 1 .5-.5h2V0H2Zm2 10.5H2a.5.5 0 0 1-.5-.5V8H0v2a2 2 0 0 0 2 2h2v-1.5ZM8 12v-1.5h2a.5.5 0 0 0 .5-.5V8H12v2a2 2 0 0 1-2 2H8Zm2-12a2 2 0 0 1 2 2v2h-1.5V2a.5.5 0 0 0-.5-.5H8V0h2Z\" \/>\n\t\t\t<\/svg>\n\t\t<\/button><\/figure>\n\n\n\n<figure data-wp-context=\"{&quot;imageId&quot;:&quot;69e42d1632da5&quot;}\" data-wp-interactive=\"core\/image\" data-wp-key=\"69e42d1632da5\" class=\"wp-block-image size-large wp-lightbox-container\"><img loading=\"lazy\" decoding=\"async\" width=\"1024\" height=\"576\" data-wp-class--hide=\"state.isContentHidden\" data-wp-class--show=\"state.isContentVisible\" data-wp-init=\"callbacks.setButtonStyles\" data-wp-on--click=\"actions.showLightbox\" data-wp-on--load=\"callbacks.setButtonStyles\" data-wp-on-window--resize=\"callbacks.setButtonStyles\" data-id=\"204\" src=\"https:\/\/simplythai.li\/wp-content\/uploads\/2025\/05\/DSC04250-1024x576.jpg\" alt=\"\" class=\"wp-image-204\" srcset=\"https:\/\/simplythai.li\/wp-content\/uploads\/2025\/05\/DSC04250-1024x576.jpg 1024w, https:\/\/simplythai.li\/wp-content\/uploads\/2025\/05\/DSC04250-300x169.jpg 300w, https:\/\/simplythai.li\/wp-content\/uploads\/2025\/05\/DSC04250-768x432.jpg 768w, https:\/\/simplythai.li\/wp-content\/uploads\/2025\/05\/DSC04250-1536x864.jpg 1536w, https:\/\/simplythai.li\/wp-content\/uploads\/2025\/05\/DSC04250-2048x1152.jpg 2048w\" sizes=\"auto, (max-width: 1024px) 100vw, 1024px\" \/><button\n\t\t\tclass=\"lightbox-trigger\"\n\t\t\ttype=\"button\"\n\t\t\taria-haspopup=\"dialog\"\n\t\t\taria-label=\"Vergr\u00f6\u00dfern\"\n\t\t\tdata-wp-init=\"callbacks.initTriggerButton\"\n\t\t\tdata-wp-on--click=\"actions.showLightbox\"\n\t\t\tdata-wp-style--right=\"state.imageButtonRight\"\n\t\t\tdata-wp-style--top=\"state.imageButtonTop\"\n\t\t>\n\t\t\t<svg xmlns=\"http:\/\/www.w3.org\/2000\/svg\" width=\"12\" height=\"12\" fill=\"none\" viewBox=\"0 0 12 12\">\n\t\t\t\t<path fill=\"#fff\" d=\"M2 0a2 2 0 0 0-2 2v2h1.5V2a.5.5 0 0 1 .5-.5h2V0H2Zm2 10.5H2a.5.5 0 0 1-.5-.5V8H0v2a2 2 0 0 0 2 2h2v-1.5ZM8 12v-1.5h2a.5.5 0 0 0 .5-.5V8H12v2a2 2 0 0 1-2 2H8Zm2-12a2 2 0 0 1 2 2v2h-1.5V2a.5.5 0 0 0-.5-.5H8V0h2Z\" \/>\n\t\t\t<\/svg>\n\t\t<\/button><\/figure>\n\n\n\n<figure data-wp-context=\"{&quot;imageId&quot;:&quot;69e42d16330f1&quot;}\" data-wp-interactive=\"core\/image\" data-wp-key=\"69e42d16330f1\" class=\"wp-block-image size-large wp-lightbox-container\"><img loading=\"lazy\" decoding=\"async\" width=\"1024\" height=\"576\" data-wp-class--hide=\"state.isContentHidden\" data-wp-class--show=\"state.isContentVisible\" data-wp-init=\"callbacks.setButtonStyles\" data-wp-on--click=\"actions.showLightbox\" data-wp-on--load=\"callbacks.setButtonStyles\" data-wp-on-window--resize=\"callbacks.setButtonStyles\" data-id=\"252\" src=\"https:\/\/simplythai.li\/wp-content\/uploads\/2025\/05\/DSC04065-1-1024x576.jpg\" alt=\"\" class=\"wp-image-252\" srcset=\"https:\/\/simplythai.li\/wp-content\/uploads\/2025\/05\/DSC04065-1-1024x576.jpg 1024w, https:\/\/simplythai.li\/wp-content\/uploads\/2025\/05\/DSC04065-1-300x169.jpg 300w, https:\/\/simplythai.li\/wp-content\/uploads\/2025\/05\/DSC04065-1-768x432.jpg 768w, https:\/\/simplythai.li\/wp-content\/uploads\/2025\/05\/DSC04065-1-1536x864.jpg 1536w, https:\/\/simplythai.li\/wp-content\/uploads\/2025\/05\/DSC04065-1-2048x1152.jpg 2048w\" sizes=\"auto, (max-width: 1024px) 100vw, 1024px\" \/><button\n\t\t\tclass=\"lightbox-trigger\"\n\t\t\ttype=\"button\"\n\t\t\taria-haspopup=\"dialog\"\n\t\t\taria-label=\"Vergr\u00f6\u00dfern\"\n\t\t\tdata-wp-init=\"callbacks.initTriggerButton\"\n\t\t\tdata-wp-on--click=\"actions.showLightbox\"\n\t\t\tdata-wp-style--right=\"state.imageButtonRight\"\n\t\t\tdata-wp-style--top=\"state.imageButtonTop\"\n\t\t>\n\t\t\t<svg xmlns=\"http:\/\/www.w3.org\/2000\/svg\" width=\"12\" height=\"12\" fill=\"none\" viewBox=\"0 0 12 12\">\n\t\t\t\t<path fill=\"#fff\" d=\"M2 0a2 2 0 0 0-2 2v2h1.5V2a.5.5 0 0 1 .5-.5h2V0H2Zm2 10.5H2a.5.5 0 0 1-.5-.5V8H0v2a2 2 0 0 0 2 2h2v-1.5ZM8 12v-1.5h2a.5.5 0 0 0 .5-.5V8H12v2a2 2 0 0 1-2 2H8Zm2-12a2 2 0 0 1 2 2v2h-1.5V2a.5.5 0 0 0-.5-.5H8V0h2Z\" \/>\n\t\t\t<\/svg>\n\t\t<\/button><\/figure>\n<\/figure>\n<\/div>\n<\/div>\n\n\n\n<div class=\"wp-block-group is-nowrap is-layout-flex wp-container-core-group-is-layout-6c531013 wp-block-group-is-layout-flex\">\n<div class=\"wp-block-group is-layout-flow wp-block-group-is-layout-flow\" style=\"border-top-color:var(--wp--preset--color--accent-6);border-top-width:1px;padding-top:var(--wp--preset--spacing--30);padding-bottom:var(--wp--preset--spacing--30)\">\n<h3 class=\"wp-block-heading\">Herzlich Willkommen &#8211; \u0e22\u0e34\u0e19\u0e14\u0e35\u0e15\u0e49\u0e2d\u0e19\u0e23\u0e31\u0e1a<\/h3>\n\n\n\n<p>\u00d6ffnungszeiten: Dienstag bis Samstag von 17.30 &#8211; 22.30<\/p>\n\n\n\n<p>Geschlossen an liechtensteinischen Feiertagen.<\/p>\n\n\n\n<p class=\"has-text-align-left is-style-text-annotation has-accent-3-color has-custom-orange-background-color has-text-color has-background has-link-color has-medium-font-size wp-elements-87282a26018dd18dc1bd780cf0fe1796 is-style-text-annotation--2\"><strong>jetzt<\/strong> <a href=\"https:\/\/mytools.aleno.me\/reservations\/v2.0\/reservations.html?k=eyJrIjoid2l2dTVrM2lsNm15cnBiOWlwdzZ4bmViajhycnVkaWRpZ280bGZwODBsbzlhNGlweTEiLCJyIjoicGZNdUxBWU5vbW9OQk52SGciLCJzIjoiaHR0cHM6Ly9teXRvb2xzLmFsZW5vLm1lLyJ9\" data-type=\"page\" data-id=\"174\"><strong>Tisch buchen<\/strong><\/a><\/p>\n<\/div>\n<\/div>\n\n\n\n<h3 class=\"wp-block-heading\">Ferien<\/h3>\n\n\n\n<p>Wir sind von <strong>5. April bis einschlie\u00dflich 20. April <\/strong>in den Ferien.<br>Unser Restaurant bleibt w\u00e4hrend dieser Zeit geschlossen.<br>Ab <strong>21. April<\/strong> sind wir wieder da und freuen uns, Sie erneut verw\u00f6hnen zu d\u00fcrfen.<\/p>\n\n\n\n<div class=\"wp-block-group is-layout-flow wp-block-group-is-layout-flow\" style=\"border-top-color:var(--wp--preset--color--accent-6);border-top-width:1px;padding-top:var(--wp--preset--spacing--30);padding-bottom:var(--wp--preset--spacing--30)\">\n<h3 class=\"wp-block-heading\"><strong>Simply Thai \u2013 das fr\u00fchere Thai-Asien Haus aus Feldkirch<\/strong><\/h3>\n\n\n\n<p>Das <strong>Simply Thai<\/strong> ist das fr\u00fchere <strong>Thai-Asien Haus aus Feldkirch<\/strong>. Unsere G\u00e4ste kennen uns f\u00fcr authentische thail\u00e4ndische K\u00fcche, frisch zubereitete Gerichte und herzliche Gastfreundschaft. Mit dem Simply Thai f\u00fchren wir diese Tradition in Liechtenstein weiter und freuen uns, bekannte sowie neue G\u00e4ste bei uns willkommen zu hei\u00dfen.<\/p>\n<\/div>\n\n\n\n<div class=\"wp-block-group is-layout-flow wp-block-group-is-layout-flow\" style=\"border-top-color:var(--wp--preset--color--accent-6);border-top-width:1px;padding-top:var(--wp--preset--spacing--30);padding-bottom:var(--wp--preset--spacing--30)\">\n<h3 class=\"wp-block-heading\">Take Away<\/h3>\n\n\n\n<p>Alle unsere Speisen gibt es auch zum mitnehmen, in umweltfreundlichen Faser-Schalen die mit Zellstoff-Folie versiegelt sind, auslaufsicher verpackt.<\/p>\n\n\n\n<p>Bestellen Sie bitte telefonisch ab 17:00 oder per E-Mail bis sp\u00e4testens 18:00 &#8211; nach 18:00 sind wir je nach Auslastung nicht immer erreichbar: <a href=\"tel:4232221333\">+423 222 13 33<\/a><\/p>\n<\/div>\n\n\n\n<div class=\"wp-block-group is-layout-flow wp-block-group-is-layout-flow\" style=\"border-top-color:var(--wp--preset--color--accent-6);border-top-width:1px;padding-top:var(--wp--preset--spacing--30);padding-bottom:var(--wp--preset--spacing--30)\">\n<h3 class=\"wp-block-heading\">Adresse<\/h3>\n\n\n\n<p>Landstrasse 152, 9494 Schaan, Liechtenstein<\/p>\n\n\n\n<p><\/p>\n<\/div>\n\n\n\n<div class=\"wp-block-group is-layout-flow wp-block-group-is-layout-flow\" style=\"border-top-color:var(--wp--preset--color--accent-6);border-top-width:1px;padding-top:var(--wp--preset--spacing--30);padding-bottom:var(--wp--preset--spacing--30)\">\n<h3 class=\"wp-block-heading\">Anfahrt<\/h3>\n\n\n\n<p>Kostenlose Parkm\u00f6glichkeiten befinden sich direkt vor dem Restaurant, als auch hinter dem Geb\u00e4ude.<\/p>\n\n\n\n<p>Direkt neben dem Restaurant befindet sich eine Bushaltestelle mit zahlreichen Busverbindungen. <\/p>\n<\/div>\n\n\n\n<p><\/p>\n\n\n\n<div class=\"wp-block-group alignfull has-global-padding is-layout-constrained wp-block-group-is-layout-constrained\" style=\"padding-top:var(--wp--preset--spacing--70);padding-bottom:var(--wp--preset--spacing--70)\">\n<div class=\"wp-block-group is-vertical is-content-justification-center is-layout-flex wp-container-core-group-is-layout-6329a8f3 wp-block-group-is-layout-flex\"><p class=\"has-text-align-center wp-block-site-title\"><a href=\"https:\/\/simplythai.li\" target=\"_self\" rel=\"home\">Simply Thai<\/a><\/p>\n\n<p class=\"has-text-align-center wp-block-site-tagline\">Thail\u00e4ndische K\u00fcche auf h\u00f6chstem Niveau!<\/p><\/div>\n\n\n\n<ul class=\"wp-block-social-links aligncenter is-content-justification-center is-layout-flex wp-container-core-social-links-is-layout-a89b3969 wp-block-social-links-is-layout-flex\"><li class=\"wp-social-link wp-social-link-facebook  wp-block-social-link\"><a href=\"https:\/\/www.facebook.com\/profile.php?id=100071731714318\" class=\"wp-block-social-link-anchor\"><svg width=\"24\" height=\"24\" viewBox=\"0 0 24 24\" version=\"1.1\" xmlns=\"http:\/\/www.w3.org\/2000\/svg\" aria-hidden=\"true\" focusable=\"false\"><path d=\"M12 2C6.5 2 2 6.5 2 12c0 5 3.7 9.1 8.4 9.9v-7H7.9V12h2.5V9.8c0-2.5 1.5-3.9 3.8-3.9 1.1 0 2.2.2 2.2.2v2.5h-1.3c-1.2 0-1.6.8-1.6 1.6V12h2.8l-.4 2.9h-2.3v7C18.3 21.1 22 17 22 12c0-5.5-4.5-10-10-10z\"><\/path><\/svg><span class=\"wp-block-social-link-label screen-reader-text\">Simply Thai<\/span><\/a><\/li>\n\n<li class=\"wp-social-link wp-social-link-instagram  wp-block-social-link\"><a href=\"https:\/\/www.instagram.com\/simplythai.schaan\/\" class=\"wp-block-social-link-anchor\"><svg width=\"24\" height=\"24\" viewBox=\"0 0 24 24\" version=\"1.1\" xmlns=\"http:\/\/www.w3.org\/2000\/svg\" aria-hidden=\"true\" focusable=\"false\"><path d=\"M12,4.622c2.403,0,2.688,0.009,3.637,0.052c0.877,0.04,1.354,0.187,1.671,0.31c0.42,0.163,0.72,0.358,1.035,0.673 c0.315,0.315,0.51,0.615,0.673,1.035c0.123,0.317,0.27,0.794,0.31,1.671c0.043,0.949,0.052,1.234,0.052,3.637 s-0.009,2.688-0.052,3.637c-0.04,0.877-0.187,1.354-0.31,1.671c-0.163,0.42-0.358,0.72-0.673,1.035 c-0.315,0.315-0.615,0.51-1.035,0.673c-0.317,0.123-0.794,0.27-1.671,0.31c-0.949,0.043-1.233,0.052-3.637,0.052 s-2.688-0.009-3.637-0.052c-0.877-0.04-1.354-0.187-1.671-0.31c-0.42-0.163-0.72-0.358-1.035-0.673 c-0.315-0.315-0.51-0.615-0.673-1.035c-0.123-0.317-0.27-0.794-0.31-1.671C4.631,14.688,4.622,14.403,4.622,12 s0.009-2.688,0.052-3.637c0.04-0.877,0.187-1.354,0.31-1.671c0.163-0.42,0.358-0.72,0.673-1.035 c0.315-0.315,0.615-0.51,1.035-0.673c0.317-0.123,0.794-0.27,1.671-0.31C9.312,4.631,9.597,4.622,12,4.622 M12,3 C9.556,3,9.249,3.01,8.289,3.054C7.331,3.098,6.677,3.25,6.105,3.472C5.513,3.702,5.011,4.01,4.511,4.511 c-0.5,0.5-0.808,1.002-1.038,1.594C3.25,6.677,3.098,7.331,3.054,8.289C3.01,9.249,3,9.556,3,12c0,2.444,0.01,2.751,0.054,3.711 c0.044,0.958,0.196,1.612,0.418,2.185c0.23,0.592,0.538,1.094,1.038,1.594c0.5,0.5,1.002,0.808,1.594,1.038 c0.572,0.222,1.227,0.375,2.185,0.418C9.249,20.99,9.556,21,12,21s2.751-0.01,3.711-0.054c0.958-0.044,1.612-0.196,2.185-0.418 c0.592-0.23,1.094-0.538,1.594-1.038c0.5-0.5,0.808-1.002,1.038-1.594c0.222-0.572,0.375-1.227,0.418-2.185 C20.99,14.751,21,14.444,21,12s-0.01-2.751-0.054-3.711c-0.044-0.958-0.196-1.612-0.418-2.185c-0.23-0.592-0.538-1.094-1.038-1.594 c-0.5-0.5-1.002-0.808-1.594-1.038c-0.572-0.222-1.227-0.375-2.185-0.418C14.751,3.01,14.444,3,12,3L12,3z M12,7.378 c-2.552,0-4.622,2.069-4.622,4.622S9.448,16.622,12,16.622s4.622-2.069,4.622-4.622S14.552,7.378,12,7.378z M12,15 c-1.657,0-3-1.343-3-3s1.343-3,3-3s3,1.343,3,3S13.657,15,12,15z M16.804,6.116c-0.596,0-1.08,0.484-1.08,1.08 s0.484,1.08,1.08,1.08c0.596,0,1.08-0.484,1.08-1.08S17.401,6.116,16.804,6.116z\"><\/path><\/svg><span class=\"wp-block-social-link-label screen-reader-text\">Instagram<\/span><\/a><\/li><\/ul>\n\n\n\n<p class=\"has-text-align-center has-small-font-size\">\n\t\tGestaltet mit <a href=\"https:\/\/de.wordpress.org\" rel=\"nofollow\">WordPress<\/a>\t<\/p>\n<\/div>\n\n\n","protected":false},"excerpt":{"rendered":"<p>Herzlich Willkommen &#8211; \u0e22\u0e34\u0e19\u0e14\u0e35\u0e15\u0e49\u0e2d\u0e19\u0e23\u0e31\u0e1a \u00d6ffnungszeiten: Dienstag bis Samstag von 17.30 &#8211; 22.30 Geschlossen an liechtensteinischen Feiertagen. jetzt Tisch buchen Ferien Wir sind von 5. April bis einschlie\u00dflich 20. April in den Ferien.Unser Restaurant bleibt w\u00e4hrend dieser Zeit geschlossen.Ab 21. April sind wir wieder da und freuen uns, Sie erneut verw\u00f6hnen zu d\u00fcrfen. Simply Thai \u2013 [&hellip;]<\/p>\n","protected":false},"author":1,"featured_media":0,"parent":0,"menu_order":0,"comment_status":"closed","ping_status":"closed","template":"","meta":{"footnotes":""},"class_list":["post-108","page","type-page","status-publish","hentry"],"yoast_head":"<!-- This site is optimized with the Yoast SEO plugin v27.4 - https:\/\/yoast.com\/product\/yoast-seo-wordpress\/ -->\n<title>Home - Simply Thai<\/title>\n<meta name=\"description\" content=\"Erlebe authentische thail\u00e4ndische K\u00fcche bei uns im Simply Thai. Wir bringen Ihnen die Aromen Thailands direkt auf den Teller.\" \/>\n<meta name=\"robots\" content=\"index, follow, max-snippet:-1, max-image-preview:large, max-video-preview:-1\" \/>\n<link rel=\"canonical\" href=\"https:\/\/simplythai.li\/\" \/>\n<meta property=\"og:locale\" content=\"de_DE\" \/>\n<meta property=\"og:type\" content=\"article\" \/>\n<meta property=\"og:title\" content=\"Home - Simply Thai\" \/>\n<meta property=\"og:description\" content=\"Erlebe authentische thail\u00e4ndische K\u00fcche bei uns im Simply Thai. Wir bringen Ihnen die Aromen Thailands direkt auf den Teller.\" \/>\n<meta property=\"og:url\" content=\"https:\/\/simplythai.li\/\" \/>\n<meta property=\"og:site_name\" content=\"Simply Thai\" \/>\n<meta property=\"article:modified_time\" content=\"2026-03-22T09:45:37+00:00\" \/>\n<meta property=\"og:image\" content=\"https:\/\/simplythai.li\/wp-content\/uploads\/2025\/05\/DSC04078-1-scaled.jpg\" \/>\n\t<meta property=\"og:image:width\" content=\"2560\" \/>\n\t<meta property=\"og:image:height\" content=\"1440\" \/>\n\t<meta property=\"og:image:type\" content=\"image\/jpeg\" \/>\n<meta name=\"twitter:card\" content=\"summary_large_image\" \/>\n<meta name=\"twitter:label1\" content=\"Gesch\u00e4tzte Lesezeit\" \/>\n\t<meta name=\"twitter:data1\" content=\"4\u00a0Minuten\" \/>\n<script type=\"application\/ld+json\" class=\"yoast-schema-graph\">{\"@context\":\"https:\\\/\\\/schema.org\",\"@graph\":[{\"@type\":\"WebPage\",\"@id\":\"https:\\\/\\\/simplythai.li\\\/\",\"url\":\"https:\\\/\\\/simplythai.li\\\/\",\"name\":\"Home - Simply Thai\",\"isPartOf\":{\"@id\":\"https:\\\/\\\/simplythai.li\\\/#website\"},\"primaryImageOfPage\":{\"@id\":\"https:\\\/\\\/simplythai.li\\\/#primaryimage\"},\"image\":{\"@id\":\"https:\\\/\\\/simplythai.li\\\/#primaryimage\"},\"thumbnailUrl\":\"https:\\\/\\\/simplythai.li\\\/wp-content\\\/uploads\\\/2025\\\/05\\\/DSC04078-1-1024x576.jpg\",\"datePublished\":\"2025-03-03T18:50:45+00:00\",\"dateModified\":\"2026-03-22T09:45:37+00:00\",\"description\":\"Erlebe authentische thail\u00e4ndische K\u00fcche bei uns im Simply Thai. Wir bringen Ihnen die Aromen Thailands direkt auf den Teller.\",\"breadcrumb\":{\"@id\":\"https:\\\/\\\/simplythai.li\\\/#breadcrumb\"},\"inLanguage\":\"de\",\"potentialAction\":[{\"@type\":\"ReadAction\",\"target\":[\"https:\\\/\\\/simplythai.li\\\/\"]}]},{\"@type\":\"ImageObject\",\"inLanguage\":\"de\",\"@id\":\"https:\\\/\\\/simplythai.li\\\/#primaryimage\",\"url\":\"https:\\\/\\\/simplythai.li\\\/wp-content\\\/uploads\\\/2025\\\/05\\\/DSC04078-1-scaled.jpg\",\"contentUrl\":\"https:\\\/\\\/simplythai.li\\\/wp-content\\\/uploads\\\/2025\\\/05\\\/DSC04078-1-scaled.jpg\",\"width\":2560,\"height\":1440},{\"@type\":\"BreadcrumbList\",\"@id\":\"https:\\\/\\\/simplythai.li\\\/#breadcrumb\",\"itemListElement\":[{\"@type\":\"ListItem\",\"position\":1,\"name\":\"Startseite\",\"item\":\"https:\\\/\\\/simplythai.li\\\/\"},{\"@type\":\"ListItem\",\"position\":2,\"name\":\"Home\"}]},{\"@type\":\"WebSite\",\"@id\":\"https:\\\/\\\/simplythai.li\\\/#website\",\"url\":\"https:\\\/\\\/simplythai.li\\\/\",\"name\":\"Simply Thai\",\"description\":\"Thail\u00e4ndische K\u00fcche auf h\u00f6chstem Niveau!\",\"publisher\":{\"@id\":\"https:\\\/\\\/simplythai.li\\\/#organization\"},\"potentialAction\":[{\"@type\":\"SearchAction\",\"target\":{\"@type\":\"EntryPoint\",\"urlTemplate\":\"https:\\\/\\\/simplythai.li\\\/?s={search_term_string}\"},\"query-input\":{\"@type\":\"PropertyValueSpecification\",\"valueRequired\":true,\"valueName\":\"search_term_string\"}}],\"inLanguage\":\"de\"},{\"@type\":\"Organization\",\"@id\":\"https:\\\/\\\/simplythai.li\\\/#organization\",\"name\":\"Simply Thai\",\"url\":\"https:\\\/\\\/simplythai.li\\\/\",\"logo\":{\"@type\":\"ImageObject\",\"inLanguage\":\"de\",\"@id\":\"https:\\\/\\\/simplythai.li\\\/#\\\/schema\\\/logo\\\/image\\\/\",\"url\":\"https:\\\/\\\/simplythai.li\\\/wp-content\\\/uploads\\\/2025\\\/03\\\/Logo-1.png\",\"contentUrl\":\"https:\\\/\\\/simplythai.li\\\/wp-content\\\/uploads\\\/2025\\\/03\\\/Logo-1.png\",\"width\":656,\"height\":625,\"caption\":\"Simply Thai\"},\"image\":{\"@id\":\"https:\\\/\\\/simplythai.li\\\/#\\\/schema\\\/logo\\\/image\\\/\"}}]}<\/script>\n<!-- \/ Yoast SEO plugin. -->","yoast_head_json":{"title":"Home - Simply Thai","description":"Erlebe authentische thail\u00e4ndische K\u00fcche bei uns im Simply Thai. Wir bringen Ihnen die Aromen Thailands direkt auf den Teller.","robots":{"index":"index","follow":"follow","max-snippet":"max-snippet:-1","max-image-preview":"max-image-preview:large","max-video-preview":"max-video-preview:-1"},"canonical":"https:\/\/simplythai.li\/","og_locale":"de_DE","og_type":"article","og_title":"Home - Simply Thai","og_description":"Erlebe authentische thail\u00e4ndische K\u00fcche bei uns im Simply Thai. Wir bringen Ihnen die Aromen Thailands direkt auf den Teller.","og_url":"https:\/\/simplythai.li\/","og_site_name":"Simply Thai","article_modified_time":"2026-03-22T09:45:37+00:00","og_image":[{"width":2560,"height":1440,"url":"https:\/\/simplythai.li\/wp-content\/uploads\/2025\/05\/DSC04078-1-scaled.jpg","type":"image\/jpeg"}],"twitter_card":"summary_large_image","twitter_misc":{"Gesch\u00e4tzte Lesezeit":"4\u00a0Minuten"},"schema":{"@context":"https:\/\/schema.org","@graph":[{"@type":"WebPage","@id":"https:\/\/simplythai.li\/","url":"https:\/\/simplythai.li\/","name":"Home - Simply Thai","isPartOf":{"@id":"https:\/\/simplythai.li\/#website"},"primaryImageOfPage":{"@id":"https:\/\/simplythai.li\/#primaryimage"},"image":{"@id":"https:\/\/simplythai.li\/#primaryimage"},"thumbnailUrl":"https:\/\/simplythai.li\/wp-content\/uploads\/2025\/05\/DSC04078-1-1024x576.jpg","datePublished":"2025-03-03T18:50:45+00:00","dateModified":"2026-03-22T09:45:37+00:00","description":"Erlebe authentische thail\u00e4ndische K\u00fcche bei uns im Simply Thai. Wir bringen Ihnen die Aromen Thailands direkt auf den Teller.","breadcrumb":{"@id":"https:\/\/simplythai.li\/#breadcrumb"},"inLanguage":"de","potentialAction":[{"@type":"ReadAction","target":["https:\/\/simplythai.li\/"]}]},{"@type":"ImageObject","inLanguage":"de","@id":"https:\/\/simplythai.li\/#primaryimage","url":"https:\/\/simplythai.li\/wp-content\/uploads\/2025\/05\/DSC04078-1-scaled.jpg","contentUrl":"https:\/\/simplythai.li\/wp-content\/uploads\/2025\/05\/DSC04078-1-scaled.jpg","width":2560,"height":1440},{"@type":"BreadcrumbList","@id":"https:\/\/simplythai.li\/#breadcrumb","itemListElement":[{"@type":"ListItem","position":1,"name":"Startseite","item":"https:\/\/simplythai.li\/"},{"@type":"ListItem","position":2,"name":"Home"}]},{"@type":"WebSite","@id":"https:\/\/simplythai.li\/#website","url":"https:\/\/simplythai.li\/","name":"Simply Thai","description":"Thail\u00e4ndische K\u00fcche auf h\u00f6chstem Niveau!","publisher":{"@id":"https:\/\/simplythai.li\/#organization"},"potentialAction":[{"@type":"SearchAction","target":{"@type":"EntryPoint","urlTemplate":"https:\/\/simplythai.li\/?s={search_term_string}"},"query-input":{"@type":"PropertyValueSpecification","valueRequired":true,"valueName":"search_term_string"}}],"inLanguage":"de"},{"@type":"Organization","@id":"https:\/\/simplythai.li\/#organization","name":"Simply Thai","url":"https:\/\/simplythai.li\/","logo":{"@type":"ImageObject","inLanguage":"de","@id":"https:\/\/simplythai.li\/#\/schema\/logo\/image\/","url":"https:\/\/simplythai.li\/wp-content\/uploads\/2025\/03\/Logo-1.png","contentUrl":"https:\/\/simplythai.li\/wp-content\/uploads\/2025\/03\/Logo-1.png","width":656,"height":625,"caption":"Simply Thai"},"image":{"@id":"https:\/\/simplythai.li\/#\/schema\/logo\/image\/"}}]}},"_links":{"self":[{"href":"https:\/\/simplythai.li\/index.php\/wp-json\/wp\/v2\/pages\/108","targetHints":{"allow":["GET"]}}],"collection":[{"href":"https:\/\/simplythai.li\/index.php\/wp-json\/wp\/v2\/pages"}],"about":[{"href":"https:\/\/simplythai.li\/index.php\/wp-json\/wp\/v2\/types\/page"}],"author":[{"embeddable":true,"href":"https:\/\/simplythai.li\/index.php\/wp-json\/wp\/v2\/users\/1"}],"replies":[{"embeddable":true,"href":"https:\/\/simplythai.li\/index.php\/wp-json\/wp\/v2\/comments?post=108"}],"version-history":[{"count":67,"href":"https:\/\/simplythai.li\/index.php\/wp-json\/wp\/v2\/pages\/108\/revisions"}],"predecessor-version":[{"id":339,"href":"https:\/\/simplythai.li\/index.php\/wp-json\/wp\/v2\/pages\/108\/revisions\/339"}],"wp:attachment":[{"href":"https:\/\/simplythai.li\/index.php\/wp-json\/wp\/v2\/media?parent=108"}],"curies":[{"name":"wp","href":"https:\/\/api.w.org\/{rel}","templated":true}]}}