{"id":139,"date":"2025-03-03T19:18:22","date_gmt":"2025-03-03T19:18:22","guid":{"rendered":"https:\/\/simplythai.li\/?page_id=139"},"modified":"2025-05-16T09:44:17","modified_gmt":"2025-05-16T09:44:17","slug":"ueber-uns","status":"publish","type":"page","link":"https:\/\/simplythai.li\/index.php\/ueber-uns\/","title":{"rendered":"\u00dcber Uns"},"content":{"rendered":"\n<h3 class=\"wp-block-heading\"><strong>Simply Thai \u2013 mit Liebe zur thail\u00e4ndischen K\u00fcche seit 1993<\/strong><\/h3>\n\n\n\n<p>Unsere Geschichte beginnt 1993 in der Rosengasse in Feldkirch: ein kleines asiatisches Lebensmittelgesch\u00e4ft, dazu frisch gekochte Thai-Gerichte \u2013 einfach, authentisch, ehrlich. Daraus entstand das <strong>\u201eThai Asien-Haus\u201c<\/strong>, das vielen aus der Region ein Begriff wurde. Nach mehreren Umz\u00fcgen und dem Neubeginn am Schubertplatz bauten wir \u00fcber die Jahre einen hohen kulinarischen Standard auf \u2013 ausgezeichnet vom Falstaff-Magazin und sogar mit dem Qualit\u00e4tssiegel \u201eThai Select Premium\u201c des thail\u00e4ndischen Handelsministeriums.<\/p>\n\n\n\n<p>Nach der Schlie\u00dfung in Feldkirch 2021 ging es f\u00fcr uns weiter \u2013 unter dem neuen Namen <strong>Simply Thai <\/strong>im Hotel Hirschen in Wildhaus. Und seit Mai 2025 sind wir wieder selbstst\u00e4ndig \u2013 und zum ersten Mal in Liechtenstein zuhause<strong>, <\/strong>mitten in Schaan.<\/p>\n\n\n\n<p>Hinter Simply Thai stehen <strong>Thida<\/strong>, <strong>Somjit<\/strong> und <strong>Harald<\/strong> \u2013 ein eingespieltes Team mit viel Erfahrung und echter Begeisterung f\u00fcr gutes Essen. Thida und Somjit bringen ihre thail\u00e4ndischen Wurzeln und langj\u00e4hrige Kochtradition mit. Gekocht wird so, wie man es aus Thailand kennt: frisch, mit Hingabe und vollem Geschmack. Harald k\u00fcmmert sich  um die G\u00e4ste und alles, was das Drumherum ausmacht.<\/p>\n\n\n\n<p>Was uns antreibt? Die Freude daran, thail\u00e4ndische Esskultur mit anderen zu teilen. Simply Thai ist kein Konzept \u2013 es ist unsere pers\u00f6nliche Art, Menschen mit gutem Essen zusammen zu bringen. Ob Pad Thai, Curry oder kleine Spezialit\u00e4ten: Bei uns wird mit Liebe gekocht \u2013 f\u00fcr G\u00e4ste, die echtes Thai-Essen sch\u00e4tzen.<\/p>\n\n\n\n<figure class=\"wp-block-image size-large\"><img loading=\"lazy\" decoding=\"async\" width=\"1024\" height=\"576\" src=\"https:\/\/simplythai.li\/wp-content\/uploads\/2025\/05\/DSC04138-3-1024x576.jpg\" alt=\"\" class=\"wp-image-243\" srcset=\"https:\/\/simplythai.li\/wp-content\/uploads\/2025\/05\/DSC04138-3-1024x576.jpg 1024w, https:\/\/simplythai.li\/wp-content\/uploads\/2025\/05\/DSC04138-3-300x169.jpg 300w, https:\/\/simplythai.li\/wp-content\/uploads\/2025\/05\/DSC04138-3-768x432.jpg 768w, https:\/\/simplythai.li\/wp-content\/uploads\/2025\/05\/DSC04138-3-1536x864.jpg 1536w, https:\/\/simplythai.li\/wp-content\/uploads\/2025\/05\/DSC04138-3-2048x1152.jpg 2048w\" sizes=\"auto, (max-width: 1024px) 100vw, 1024px\" \/><figcaption class=\"wp-element-caption\"><br><em>Somjit Warzger, Thida H\u00e4mmerle &amp; Harald H\u00e4mmerle<\/em><\/figcaption><\/figure>\n\n\n\n<div class=\"wp-block-group alignfull has-global-padding is-layout-constrained wp-block-group-is-layout-constrained\" style=\"padding-top:var(--wp--preset--spacing--70);padding-bottom:var(--wp--preset--spacing--70)\">\n<div class=\"wp-block-group is-vertical is-content-justification-center is-layout-flex wp-container-core-group-is-layout-6329a8f3 wp-block-group-is-layout-flex\"><p class=\"has-text-align-center wp-block-site-title\"><a href=\"https:\/\/simplythai.li\" target=\"_self\" rel=\"home\">Simply Thai<\/a><\/p>\n\n<p class=\"has-text-align-center wp-block-site-tagline\">Thail\u00e4ndische K\u00fcche auf h\u00f6chstem Niveau!<\/p><\/div>\n\n\n\n<ul class=\"wp-block-social-links aligncenter is-content-justification-center is-layout-flex wp-container-core-social-links-is-layout-a89b3969 wp-block-social-links-is-layout-flex\"><li class=\"wp-social-link wp-social-link-facebook  wp-block-social-link\"><a href=\"https:\/\/www.facebook.com\/profile.php?id=100071731714318\" class=\"wp-block-social-link-anchor\"><svg width=\"24\" height=\"24\" viewBox=\"0 0 24 24\" version=\"1.1\" xmlns=\"http:\/\/www.w3.org\/2000\/svg\" aria-hidden=\"true\" focusable=\"false\"><path d=\"M12 2C6.5 2 2 6.5 2 12c0 5 3.7 9.1 8.4 9.9v-7H7.9V12h2.5V9.8c0-2.5 1.5-3.9 3.8-3.9 1.1 0 2.2.2 2.2.2v2.5h-1.3c-1.2 0-1.6.8-1.6 1.6V12h2.8l-.4 2.9h-2.3v7C18.3 21.1 22 17 22 12c0-5.5-4.5-10-10-10z\"><\/path><\/svg><span class=\"wp-block-social-link-label screen-reader-text\">Simply Thai<\/span><\/a><\/li>\n\n<li class=\"wp-social-link wp-social-link-instagram  wp-block-social-link\"><a href=\"https:\/\/www.instagram.com\/simplythai.schaan\/\" class=\"wp-block-social-link-anchor\"><svg width=\"24\" height=\"24\" viewBox=\"0 0 24 24\" version=\"1.1\" xmlns=\"http:\/\/www.w3.org\/2000\/svg\" aria-hidden=\"true\" focusable=\"false\"><path d=\"M12,4.622c2.403,0,2.688,0.009,3.637,0.052c0.877,0.04,1.354,0.187,1.671,0.31c0.42,0.163,0.72,0.358,1.035,0.673 c0.315,0.315,0.51,0.615,0.673,1.035c0.123,0.317,0.27,0.794,0.31,1.671c0.043,0.949,0.052,1.234,0.052,3.637 s-0.009,2.688-0.052,3.637c-0.04,0.877-0.187,1.354-0.31,1.671c-0.163,0.42-0.358,0.72-0.673,1.035 c-0.315,0.315-0.615,0.51-1.035,0.673c-0.317,0.123-0.794,0.27-1.671,0.31c-0.949,0.043-1.233,0.052-3.637,0.052 s-2.688-0.009-3.637-0.052c-0.877-0.04-1.354-0.187-1.671-0.31c-0.42-0.163-0.72-0.358-1.035-0.673 c-0.315-0.315-0.51-0.615-0.673-1.035c-0.123-0.317-0.27-0.794-0.31-1.671C4.631,14.688,4.622,14.403,4.622,12 s0.009-2.688,0.052-3.637c0.04-0.877,0.187-1.354,0.31-1.671c0.163-0.42,0.358-0.72,0.673-1.035 c0.315-0.315,0.615-0.51,1.035-0.673c0.317-0.123,0.794-0.27,1.671-0.31C9.312,4.631,9.597,4.622,12,4.622 M12,3 C9.556,3,9.249,3.01,8.289,3.054C7.331,3.098,6.677,3.25,6.105,3.472C5.513,3.702,5.011,4.01,4.511,4.511 c-0.5,0.5-0.808,1.002-1.038,1.594C3.25,6.677,3.098,7.331,3.054,8.289C3.01,9.249,3,9.556,3,12c0,2.444,0.01,2.751,0.054,3.711 c0.044,0.958,0.196,1.612,0.418,2.185c0.23,0.592,0.538,1.094,1.038,1.594c0.5,0.5,1.002,0.808,1.594,1.038 c0.572,0.222,1.227,0.375,2.185,0.418C9.249,20.99,9.556,21,12,21s2.751-0.01,3.711-0.054c0.958-0.044,1.612-0.196,2.185-0.418 c0.592-0.23,1.094-0.538,1.594-1.038c0.5-0.5,0.808-1.002,1.038-1.594c0.222-0.572,0.375-1.227,0.418-2.185 C20.99,14.751,21,14.444,21,12s-0.01-2.751-0.054-3.711c-0.044-0.958-0.196-1.612-0.418-2.185c-0.23-0.592-0.538-1.094-1.038-1.594 c-0.5-0.5-1.002-0.808-1.594-1.038c-0.572-0.222-1.227-0.375-2.185-0.418C14.751,3.01,14.444,3,12,3L12,3z M12,7.378 c-2.552,0-4.622,2.069-4.622,4.622S9.448,16.622,12,16.622s4.622-2.069,4.622-4.622S14.552,7.378,12,7.378z M12,15 c-1.657,0-3-1.343-3-3s1.343-3,3-3s3,1.343,3,3S13.657,15,12,15z M16.804,6.116c-0.596,0-1.08,0.484-1.08,1.08 s0.484,1.08,1.08,1.08c0.596,0,1.08-0.484,1.08-1.08S17.401,6.116,16.804,6.116z\"><\/path><\/svg><span class=\"wp-block-social-link-label screen-reader-text\">Instagram<\/span><\/a><\/li><\/ul>\n\n\n\n<p class=\"has-text-align-center has-small-font-size\">\n\t\tGestaltet mit <a href=\"https:\/\/de.wordpress.org\" rel=\"nofollow\">WordPress<\/a>\t<\/p>\n<\/div>\n","protected":false},"excerpt":{"rendered":"<p>Simply Thai \u2013 mit Liebe zur thail\u00e4ndischen K\u00fcche seit 1993 Unsere Geschichte beginnt 1993 in der Rosengasse in Feldkirch: ein kleines asiatisches Lebensmittelgesch\u00e4ft, dazu frisch gekochte Thai-Gerichte \u2013 einfach, authentisch, ehrlich. Daraus entstand das \u201eThai Asien-Haus\u201c, das vielen aus der Region ein Begriff wurde. Nach mehreren Umz\u00fcgen und dem Neubeginn am Schubertplatz bauten wir \u00fcber [&hellip;]<\/p>\n","protected":false},"author":1,"featured_media":0,"parent":0,"menu_order":0,"comment_status":"closed","ping_status":"closed","template":"","meta":{"footnotes":""},"class_list":["post-139","page","type-page","status-publish","hentry"],"yoast_head":"<!-- This site is optimized with the Yoast SEO plugin v27.4 - https:\/\/yoast.com\/product\/yoast-seo-wordpress\/ -->\n<title>\u00dcber Uns - Simply Thai<\/title>\n<meta name=\"robots\" content=\"index, follow, max-snippet:-1, max-image-preview:large, max-video-preview:-1\" \/>\n<link rel=\"canonical\" href=\"https:\/\/simplythai.li\/index.php\/ueber-uns\/\" \/>\n<meta property=\"og:locale\" content=\"de_DE\" \/>\n<meta property=\"og:type\" content=\"article\" \/>\n<meta property=\"og:title\" content=\"\u00dcber Uns - Simply Thai\" \/>\n<meta property=\"og:description\" content=\"Simply Thai \u2013 mit Liebe zur thail\u00e4ndischen K\u00fcche seit 1993 Unsere Geschichte beginnt 1993 in der Rosengasse in Feldkirch: ein kleines asiatisches Lebensmittelgesch\u00e4ft, dazu frisch gekochte Thai-Gerichte \u2013 einfach, authentisch, ehrlich. Daraus entstand das \u201eThai Asien-Haus\u201c, das vielen aus der Region ein Begriff wurde. Nach mehreren Umz\u00fcgen und dem Neubeginn am Schubertplatz bauten wir \u00fcber [&hellip;]\" \/>\n<meta property=\"og:url\" content=\"https:\/\/simplythai.li\/index.php\/ueber-uns\/\" \/>\n<meta property=\"og:site_name\" content=\"Simply Thai\" \/>\n<meta property=\"article:modified_time\" content=\"2025-05-16T09:44:17+00:00\" \/>\n<meta property=\"og:image\" content=\"https:\/\/simplythai.li\/wp-content\/uploads\/2025\/05\/DSC04138-3-scaled.jpg\" \/>\n\t<meta property=\"og:image:width\" content=\"2560\" \/>\n\t<meta property=\"og:image:height\" content=\"1440\" \/>\n\t<meta property=\"og:image:type\" content=\"image\/jpeg\" \/>\n<meta name=\"twitter:card\" content=\"summary_large_image\" \/>\n<meta name=\"twitter:label1\" content=\"Gesch\u00e4tzte Lesezeit\" \/>\n\t<meta name=\"twitter:data1\" content=\"1\u00a0Minute\" \/>\n<script type=\"application\/ld+json\" class=\"yoast-schema-graph\">{\"@context\":\"https:\\\/\\\/schema.org\",\"@graph\":[{\"@type\":\"WebPage\",\"@id\":\"https:\\\/\\\/simplythai.li\\\/index.php\\\/ueber-uns\\\/\",\"url\":\"https:\\\/\\\/simplythai.li\\\/index.php\\\/ueber-uns\\\/\",\"name\":\"\u00dcber Uns - Simply Thai\",\"isPartOf\":{\"@id\":\"https:\\\/\\\/simplythai.li\\\/#website\"},\"primaryImageOfPage\":{\"@id\":\"https:\\\/\\\/simplythai.li\\\/index.php\\\/ueber-uns\\\/#primaryimage\"},\"image\":{\"@id\":\"https:\\\/\\\/simplythai.li\\\/index.php\\\/ueber-uns\\\/#primaryimage\"},\"thumbnailUrl\":\"https:\\\/\\\/simplythai.li\\\/wp-content\\\/uploads\\\/2025\\\/05\\\/DSC04138-3-1024x576.jpg\",\"datePublished\":\"2025-03-03T19:18:22+00:00\",\"dateModified\":\"2025-05-16T09:44:17+00:00\",\"breadcrumb\":{\"@id\":\"https:\\\/\\\/simplythai.li\\\/index.php\\\/ueber-uns\\\/#breadcrumb\"},\"inLanguage\":\"de\",\"potentialAction\":[{\"@type\":\"ReadAction\",\"target\":[\"https:\\\/\\\/simplythai.li\\\/index.php\\\/ueber-uns\\\/\"]}]},{\"@type\":\"ImageObject\",\"inLanguage\":\"de\",\"@id\":\"https:\\\/\\\/simplythai.li\\\/index.php\\\/ueber-uns\\\/#primaryimage\",\"url\":\"https:\\\/\\\/simplythai.li\\\/wp-content\\\/uploads\\\/2025\\\/05\\\/DSC04138-3-scaled.jpg\",\"contentUrl\":\"https:\\\/\\\/simplythai.li\\\/wp-content\\\/uploads\\\/2025\\\/05\\\/DSC04138-3-scaled.jpg\",\"width\":2560,\"height\":1440},{\"@type\":\"BreadcrumbList\",\"@id\":\"https:\\\/\\\/simplythai.li\\\/index.php\\\/ueber-uns\\\/#breadcrumb\",\"itemListElement\":[{\"@type\":\"ListItem\",\"position\":1,\"name\":\"Startseite\",\"item\":\"https:\\\/\\\/simplythai.li\\\/\"},{\"@type\":\"ListItem\",\"position\":2,\"name\":\"\u00dcber Uns\"}]},{\"@type\":\"WebSite\",\"@id\":\"https:\\\/\\\/simplythai.li\\\/#website\",\"url\":\"https:\\\/\\\/simplythai.li\\\/\",\"name\":\"Simply Thai\",\"description\":\"Thail\u00e4ndische K\u00fcche auf h\u00f6chstem Niveau!\",\"publisher\":{\"@id\":\"https:\\\/\\\/simplythai.li\\\/#organization\"},\"potentialAction\":[{\"@type\":\"SearchAction\",\"target\":{\"@type\":\"EntryPoint\",\"urlTemplate\":\"https:\\\/\\\/simplythai.li\\\/?s={search_term_string}\"},\"query-input\":{\"@type\":\"PropertyValueSpecification\",\"valueRequired\":true,\"valueName\":\"search_term_string\"}}],\"inLanguage\":\"de\"},{\"@type\":\"Organization\",\"@id\":\"https:\\\/\\\/simplythai.li\\\/#organization\",\"name\":\"Simply Thai\",\"url\":\"https:\\\/\\\/simplythai.li\\\/\",\"logo\":{\"@type\":\"ImageObject\",\"inLanguage\":\"de\",\"@id\":\"https:\\\/\\\/simplythai.li\\\/#\\\/schema\\\/logo\\\/image\\\/\",\"url\":\"https:\\\/\\\/simplythai.li\\\/wp-content\\\/uploads\\\/2025\\\/03\\\/Logo-1.png\",\"contentUrl\":\"https:\\\/\\\/simplythai.li\\\/wp-content\\\/uploads\\\/2025\\\/03\\\/Logo-1.png\",\"width\":656,\"height\":625,\"caption\":\"Simply Thai\"},\"image\":{\"@id\":\"https:\\\/\\\/simplythai.li\\\/#\\\/schema\\\/logo\\\/image\\\/\"}}]}<\/script>\n<!-- \/ Yoast SEO plugin. -->","yoast_head_json":{"title":"\u00dcber Uns - Simply Thai","robots":{"index":"index","follow":"follow","max-snippet":"max-snippet:-1","max-image-preview":"max-image-preview:large","max-video-preview":"max-video-preview:-1"},"canonical":"https:\/\/simplythai.li\/index.php\/ueber-uns\/","og_locale":"de_DE","og_type":"article","og_title":"\u00dcber Uns - Simply Thai","og_description":"Simply Thai \u2013 mit Liebe zur thail\u00e4ndischen K\u00fcche seit 1993 Unsere Geschichte beginnt 1993 in der Rosengasse in Feldkirch: ein kleines asiatisches Lebensmittelgesch\u00e4ft, dazu frisch gekochte Thai-Gerichte \u2013 einfach, authentisch, ehrlich. Daraus entstand das \u201eThai Asien-Haus\u201c, das vielen aus der Region ein Begriff wurde. Nach mehreren Umz\u00fcgen und dem Neubeginn am Schubertplatz bauten wir \u00fcber [&hellip;]","og_url":"https:\/\/simplythai.li\/index.php\/ueber-uns\/","og_site_name":"Simply Thai","article_modified_time":"2025-05-16T09:44:17+00:00","og_image":[{"width":2560,"height":1440,"url":"https:\/\/simplythai.li\/wp-content\/uploads\/2025\/05\/DSC04138-3-scaled.jpg","type":"image\/jpeg"}],"twitter_card":"summary_large_image","twitter_misc":{"Gesch\u00e4tzte Lesezeit":"1\u00a0Minute"},"schema":{"@context":"https:\/\/schema.org","@graph":[{"@type":"WebPage","@id":"https:\/\/simplythai.li\/index.php\/ueber-uns\/","url":"https:\/\/simplythai.li\/index.php\/ueber-uns\/","name":"\u00dcber Uns - Simply Thai","isPartOf":{"@id":"https:\/\/simplythai.li\/#website"},"primaryImageOfPage":{"@id":"https:\/\/simplythai.li\/index.php\/ueber-uns\/#primaryimage"},"image":{"@id":"https:\/\/simplythai.li\/index.php\/ueber-uns\/#primaryimage"},"thumbnailUrl":"https:\/\/simplythai.li\/wp-content\/uploads\/2025\/05\/DSC04138-3-1024x576.jpg","datePublished":"2025-03-03T19:18:22+00:00","dateModified":"2025-05-16T09:44:17+00:00","breadcrumb":{"@id":"https:\/\/simplythai.li\/index.php\/ueber-uns\/#breadcrumb"},"inLanguage":"de","potentialAction":[{"@type":"ReadAction","target":["https:\/\/simplythai.li\/index.php\/ueber-uns\/"]}]},{"@type":"ImageObject","inLanguage":"de","@id":"https:\/\/simplythai.li\/index.php\/ueber-uns\/#primaryimage","url":"https:\/\/simplythai.li\/wp-content\/uploads\/2025\/05\/DSC04138-3-scaled.jpg","contentUrl":"https:\/\/simplythai.li\/wp-content\/uploads\/2025\/05\/DSC04138-3-scaled.jpg","width":2560,"height":1440},{"@type":"BreadcrumbList","@id":"https:\/\/simplythai.li\/index.php\/ueber-uns\/#breadcrumb","itemListElement":[{"@type":"ListItem","position":1,"name":"Startseite","item":"https:\/\/simplythai.li\/"},{"@type":"ListItem","position":2,"name":"\u00dcber Uns"}]},{"@type":"WebSite","@id":"https:\/\/simplythai.li\/#website","url":"https:\/\/simplythai.li\/","name":"Simply Thai","description":"Thail\u00e4ndische K\u00fcche auf h\u00f6chstem Niveau!","publisher":{"@id":"https:\/\/simplythai.li\/#organization"},"potentialAction":[{"@type":"SearchAction","target":{"@type":"EntryPoint","urlTemplate":"https:\/\/simplythai.li\/?s={search_term_string}"},"query-input":{"@type":"PropertyValueSpecification","valueRequired":true,"valueName":"search_term_string"}}],"inLanguage":"de"},{"@type":"Organization","@id":"https:\/\/simplythai.li\/#organization","name":"Simply Thai","url":"https:\/\/simplythai.li\/","logo":{"@type":"ImageObject","inLanguage":"de","@id":"https:\/\/simplythai.li\/#\/schema\/logo\/image\/","url":"https:\/\/simplythai.li\/wp-content\/uploads\/2025\/03\/Logo-1.png","contentUrl":"https:\/\/simplythai.li\/wp-content\/uploads\/2025\/03\/Logo-1.png","width":656,"height":625,"caption":"Simply Thai"},"image":{"@id":"https:\/\/simplythai.li\/#\/schema\/logo\/image\/"}}]}},"_links":{"self":[{"href":"https:\/\/simplythai.li\/index.php\/wp-json\/wp\/v2\/pages\/139","targetHints":{"allow":["GET"]}}],"collection":[{"href":"https:\/\/simplythai.li\/index.php\/wp-json\/wp\/v2\/pages"}],"about":[{"href":"https:\/\/simplythai.li\/index.php\/wp-json\/wp\/v2\/types\/page"}],"author":[{"embeddable":true,"href":"https:\/\/simplythai.li\/index.php\/wp-json\/wp\/v2\/users\/1"}],"replies":[{"embeddable":true,"href":"https:\/\/simplythai.li\/index.php\/wp-json\/wp\/v2\/comments?post=139"}],"version-history":[{"count":9,"href":"https:\/\/simplythai.li\/index.php\/wp-json\/wp\/v2\/pages\/139\/revisions"}],"predecessor-version":[{"id":280,"href":"https:\/\/simplythai.li\/index.php\/wp-json\/wp\/v2\/pages\/139\/revisions\/280"}],"wp:attachment":[{"href":"https:\/\/simplythai.li\/index.php\/wp-json\/wp\/v2\/media?parent=139"}],"curies":[{"name":"wp","href":"https:\/\/api.w.org\/{rel}","templated":true}]}}