{"id":71,"date":"2025-03-03T18:55:42","date_gmt":"2025-03-03T18:55:42","guid":{"rendered":"https:\/\/simplythai.li\/?page_id=71"},"modified":"2025-05-28T10:56:00","modified_gmt":"2025-05-28T10:56:00","slug":"kontakt","status":"publish","type":"page","link":"https:\/\/simplythai.li\/index.php\/kontakt\/","title":{"rendered":"Kontakt"},"content":{"rendered":"\n<div class=\"wp-block-group is-layout-flow wp-block-group-is-layout-flow\" style=\"border-top-color:var(--wp--preset--color--accent-6);border-top-width:1px;padding-top:var(--wp--preset--spacing--30);padding-bottom:var(--wp--preset--spacing--30)\">\n<h3 class=\"wp-block-heading\">Wie k\u00f6nnen Sie uns kontaktieren?<\/h3>\n\n\n\n<p>E-Mail: restaurant@simplythai.li<\/p>\n\n\n\n<p>Telefonisch von Di &#8211; Sa ab 17.00: <a href=\"tel:4232221333\">+423 222 13 33<\/a><\/p>\n\n\n\n<h3 class=\"wp-block-heading\">Wo finden Sie uns?<\/h3>\n\n\n\n<div class=\"wp-block-group has-global-padding is-layout-constrained wp-block-group-is-layout-constrained\">\n<p>Landstrasse 152                                                                                                           9494 Schaan                                                                                                     Liechtenstein<\/p>\n<\/div>\n\n\n\n<iframe src=\"https:\/\/www.google.com\/maps\/embed?pb=!1m18!1m12!1m3!1d2713.0020857511586!2d9.506765876984188!3d47.15781357115224!2m3!1f0!2f0!3f0!3m2!1i1024!2i768!4f13.1!3m3!1m2!1s0x479b310ebb7f1551%3A0xa096b3f9ad0bb4bc!2sLandstrasse%20152%2C%209494%20Schaan%2C%20Liechtenstein!5e0!3m2!1sde!2sat!4v1741026975549!5m2!1sde!2sat\" width=\"600\" height=\"450\" style=\"border:0;\" allowfullscreen=\"\" loading=\"lazy\" referrerpolicy=\"no-referrer-when-downgrade\"><\/iframe>\n<\/div>\n\n\n\n<div class=\"wp-block-group alignfull has-global-padding is-layout-constrained wp-block-group-is-layout-constrained\" style=\"padding-top:var(--wp--preset--spacing--70);padding-bottom:var(--wp--preset--spacing--70)\">\n<div class=\"wp-block-group is-vertical is-content-justification-center is-layout-flex wp-container-core-group-is-layout-6329a8f3 wp-block-group-is-layout-flex\"><p class=\"has-text-align-center wp-block-site-title\"><a href=\"https:\/\/simplythai.li\" target=\"_self\" rel=\"home\">Simply Thai<\/a><\/p>\n\n<p class=\"has-text-align-center wp-block-site-tagline\">Thail\u00e4ndische K\u00fcche auf h\u00f6chstem Niveau!<\/p><\/div>\n\n\n\n<ul class=\"wp-block-social-links aligncenter is-content-justification-center is-layout-flex wp-container-core-social-links-is-layout-a89b3969 wp-block-social-links-is-layout-flex\"><li class=\"wp-social-link wp-social-link-facebook  wp-block-social-link\"><a href=\"https:\/\/www.facebook.com\/profile.php?id=100071731714318\" class=\"wp-block-social-link-anchor\"><svg width=\"24\" height=\"24\" viewBox=\"0 0 24 24\" version=\"1.1\" xmlns=\"http:\/\/www.w3.org\/2000\/svg\" aria-hidden=\"true\" focusable=\"false\"><path d=\"M12 2C6.5 2 2 6.5 2 12c0 5 3.7 9.1 8.4 9.9v-7H7.9V12h2.5V9.8c0-2.5 1.5-3.9 3.8-3.9 1.1 0 2.2.2 2.2.2v2.5h-1.3c-1.2 0-1.6.8-1.6 1.6V12h2.8l-.4 2.9h-2.3v7C18.3 21.1 22 17 22 12c0-5.5-4.5-10-10-10z\"><\/path><\/svg><span class=\"wp-block-social-link-label screen-reader-text\">Simply Thai<\/span><\/a><\/li>\n\n<li class=\"wp-social-link wp-social-link-instagram  wp-block-social-link\"><a href=\"https:\/\/www.instagram.com\/simplythai.schaan\/\" class=\"wp-block-social-link-anchor\"><svg width=\"24\" height=\"24\" viewBox=\"0 0 24 24\" version=\"1.1\" xmlns=\"http:\/\/www.w3.org\/2000\/svg\" aria-hidden=\"true\" focusable=\"false\"><path d=\"M12,4.622c2.403,0,2.688,0.009,3.637,0.052c0.877,0.04,1.354,0.187,1.671,0.31c0.42,0.163,0.72,0.358,1.035,0.673 c0.315,0.315,0.51,0.615,0.673,1.035c0.123,0.317,0.27,0.794,0.31,1.671c0.043,0.949,0.052,1.234,0.052,3.637 s-0.009,2.688-0.052,3.637c-0.04,0.877-0.187,1.354-0.31,1.671c-0.163,0.42-0.358,0.72-0.673,1.035 c-0.315,0.315-0.615,0.51-1.035,0.673c-0.317,0.123-0.794,0.27-1.671,0.31c-0.949,0.043-1.233,0.052-3.637,0.052 s-2.688-0.009-3.637-0.052c-0.877-0.04-1.354-0.187-1.671-0.31c-0.42-0.163-0.72-0.358-1.035-0.673 c-0.315-0.315-0.51-0.615-0.673-1.035c-0.123-0.317-0.27-0.794-0.31-1.671C4.631,14.688,4.622,14.403,4.622,12 s0.009-2.688,0.052-3.637c0.04-0.877,0.187-1.354,0.31-1.671c0.163-0.42,0.358-0.72,0.673-1.035 c0.315-0.315,0.615-0.51,1.035-0.673c0.317-0.123,0.794-0.27,1.671-0.31C9.312,4.631,9.597,4.622,12,4.622 M12,3 C9.556,3,9.249,3.01,8.289,3.054C7.331,3.098,6.677,3.25,6.105,3.472C5.513,3.702,5.011,4.01,4.511,4.511 c-0.5,0.5-0.808,1.002-1.038,1.594C3.25,6.677,3.098,7.331,3.054,8.289C3.01,9.249,3,9.556,3,12c0,2.444,0.01,2.751,0.054,3.711 c0.044,0.958,0.196,1.612,0.418,2.185c0.23,0.592,0.538,1.094,1.038,1.594c0.5,0.5,1.002,0.808,1.594,1.038 c0.572,0.222,1.227,0.375,2.185,0.418C9.249,20.99,9.556,21,12,21s2.751-0.01,3.711-0.054c0.958-0.044,1.612-0.196,2.185-0.418 c0.592-0.23,1.094-0.538,1.594-1.038c0.5-0.5,0.808-1.002,1.038-1.594c0.222-0.572,0.375-1.227,0.418-2.185 C20.99,14.751,21,14.444,21,12s-0.01-2.751-0.054-3.711c-0.044-0.958-0.196-1.612-0.418-2.185c-0.23-0.592-0.538-1.094-1.038-1.594 c-0.5-0.5-1.002-0.808-1.594-1.038c-0.572-0.222-1.227-0.375-2.185-0.418C14.751,3.01,14.444,3,12,3L12,3z M12,7.378 c-2.552,0-4.622,2.069-4.622,4.622S9.448,16.622,12,16.622s4.622-2.069,4.622-4.622S14.552,7.378,12,7.378z M12,15 c-1.657,0-3-1.343-3-3s1.343-3,3-3s3,1.343,3,3S13.657,15,12,15z M16.804,6.116c-0.596,0-1.08,0.484-1.08,1.08 s0.484,1.08,1.08,1.08c0.596,0,1.08-0.484,1.08-1.08S17.401,6.116,16.804,6.116z\"><\/path><\/svg><span class=\"wp-block-social-link-label screen-reader-text\">Instagram<\/span><\/a><\/li><\/ul>\n\n\n\n<p class=\"has-text-align-center has-small-font-size\">\n\t\tGestaltet mit <a href=\"https:\/\/de.wordpress.org\" rel=\"nofollow\">WordPress<\/a>\t<\/p>\n<\/div>\n","protected":false},"excerpt":{"rendered":"<p>Wie k\u00f6nnen Sie uns kontaktieren? E-Mail: restaurant@simplythai.li Telefonisch von Di &#8211; Sa ab 17.00: +423 222 13 33 Wo finden Sie uns? Landstrasse 152 9494 Schaan Liechtenstein Gestaltet mit WordPress<\/p>\n","protected":false},"author":1,"featured_media":0,"parent":0,"menu_order":0,"comment_status":"closed","ping_status":"closed","template":"","meta":{"footnotes":""},"class_list":["post-71","page","type-page","status-publish","hentry"],"yoast_head":"<!-- This site is optimized with the Yoast SEO plugin v27.4 - https:\/\/yoast.com\/product\/yoast-seo-wordpress\/ -->\n<title>Kontakt - Simply Thai<\/title>\n<meta name=\"robots\" content=\"index, follow, max-snippet:-1, max-image-preview:large, max-video-preview:-1\" \/>\n<link rel=\"canonical\" href=\"https:\/\/simplythai.li\/index.php\/kontakt\/\" \/>\n<meta property=\"og:locale\" content=\"de_DE\" \/>\n<meta property=\"og:type\" content=\"article\" \/>\n<meta property=\"og:title\" content=\"Kontakt - Simply Thai\" \/>\n<meta property=\"og:description\" content=\"Wie k\u00f6nnen Sie uns kontaktieren? E-Mail: restaurant@simplythai.li Telefonisch von Di &#8211; Sa ab 17.00: +423 222 13 33 Wo finden Sie uns? Landstrasse 152 9494 Schaan Liechtenstein Gestaltet mit WordPress\" \/>\n<meta property=\"og:url\" content=\"https:\/\/simplythai.li\/index.php\/kontakt\/\" \/>\n<meta property=\"og:site_name\" content=\"Simply Thai\" \/>\n<meta property=\"article:modified_time\" content=\"2025-05-28T10:56:00+00:00\" \/>\n<meta name=\"twitter:card\" content=\"summary_large_image\" \/>\n<script type=\"application\/ld+json\" class=\"yoast-schema-graph\">{\"@context\":\"https:\\\/\\\/schema.org\",\"@graph\":[{\"@type\":\"WebPage\",\"@id\":\"https:\\\/\\\/simplythai.li\\\/index.php\\\/kontakt\\\/\",\"url\":\"https:\\\/\\\/simplythai.li\\\/index.php\\\/kontakt\\\/\",\"name\":\"Kontakt - Simply Thai\",\"isPartOf\":{\"@id\":\"https:\\\/\\\/simplythai.li\\\/#website\"},\"datePublished\":\"2025-03-03T18:55:42+00:00\",\"dateModified\":\"2025-05-28T10:56:00+00:00\",\"breadcrumb\":{\"@id\":\"https:\\\/\\\/simplythai.li\\\/index.php\\\/kontakt\\\/#breadcrumb\"},\"inLanguage\":\"de\",\"potentialAction\":[{\"@type\":\"ReadAction\",\"target\":[\"https:\\\/\\\/simplythai.li\\\/index.php\\\/kontakt\\\/\"]}]},{\"@type\":\"BreadcrumbList\",\"@id\":\"https:\\\/\\\/simplythai.li\\\/index.php\\\/kontakt\\\/#breadcrumb\",\"itemListElement\":[{\"@type\":\"ListItem\",\"position\":1,\"name\":\"Startseite\",\"item\":\"https:\\\/\\\/simplythai.li\\\/\"},{\"@type\":\"ListItem\",\"position\":2,\"name\":\"Kontakt\"}]},{\"@type\":\"WebSite\",\"@id\":\"https:\\\/\\\/simplythai.li\\\/#website\",\"url\":\"https:\\\/\\\/simplythai.li\\\/\",\"name\":\"Simply Thai\",\"description\":\"Thail\u00e4ndische K\u00fcche auf h\u00f6chstem Niveau!\",\"publisher\":{\"@id\":\"https:\\\/\\\/simplythai.li\\\/#organization\"},\"potentialAction\":[{\"@type\":\"SearchAction\",\"target\":{\"@type\":\"EntryPoint\",\"urlTemplate\":\"https:\\\/\\\/simplythai.li\\\/?s={search_term_string}\"},\"query-input\":{\"@type\":\"PropertyValueSpecification\",\"valueRequired\":true,\"valueName\":\"search_term_string\"}}],\"inLanguage\":\"de\"},{\"@type\":\"Organization\",\"@id\":\"https:\\\/\\\/simplythai.li\\\/#organization\",\"name\":\"Simply Thai\",\"url\":\"https:\\\/\\\/simplythai.li\\\/\",\"logo\":{\"@type\":\"ImageObject\",\"inLanguage\":\"de\",\"@id\":\"https:\\\/\\\/simplythai.li\\\/#\\\/schema\\\/logo\\\/image\\\/\",\"url\":\"https:\\\/\\\/simplythai.li\\\/wp-content\\\/uploads\\\/2025\\\/03\\\/Logo-1.png\",\"contentUrl\":\"https:\\\/\\\/simplythai.li\\\/wp-content\\\/uploads\\\/2025\\\/03\\\/Logo-1.png\",\"width\":656,\"height\":625,\"caption\":\"Simply Thai\"},\"image\":{\"@id\":\"https:\\\/\\\/simplythai.li\\\/#\\\/schema\\\/logo\\\/image\\\/\"}}]}<\/script>\n<!-- \/ Yoast SEO plugin. -->","yoast_head_json":{"title":"Kontakt - Simply Thai","robots":{"index":"index","follow":"follow","max-snippet":"max-snippet:-1","max-image-preview":"max-image-preview:large","max-video-preview":"max-video-preview:-1"},"canonical":"https:\/\/simplythai.li\/index.php\/kontakt\/","og_locale":"de_DE","og_type":"article","og_title":"Kontakt - Simply Thai","og_description":"Wie k\u00f6nnen Sie uns kontaktieren? E-Mail: restaurant@simplythai.li Telefonisch von Di &#8211; Sa ab 17.00: +423 222 13 33 Wo finden Sie uns? Landstrasse 152 9494 Schaan Liechtenstein Gestaltet mit WordPress","og_url":"https:\/\/simplythai.li\/index.php\/kontakt\/","og_site_name":"Simply Thai","article_modified_time":"2025-05-28T10:56:00+00:00","twitter_card":"summary_large_image","schema":{"@context":"https:\/\/schema.org","@graph":[{"@type":"WebPage","@id":"https:\/\/simplythai.li\/index.php\/kontakt\/","url":"https:\/\/simplythai.li\/index.php\/kontakt\/","name":"Kontakt - Simply Thai","isPartOf":{"@id":"https:\/\/simplythai.li\/#website"},"datePublished":"2025-03-03T18:55:42+00:00","dateModified":"2025-05-28T10:56:00+00:00","breadcrumb":{"@id":"https:\/\/simplythai.li\/index.php\/kontakt\/#breadcrumb"},"inLanguage":"de","potentialAction":[{"@type":"ReadAction","target":["https:\/\/simplythai.li\/index.php\/kontakt\/"]}]},{"@type":"BreadcrumbList","@id":"https:\/\/simplythai.li\/index.php\/kontakt\/#breadcrumb","itemListElement":[{"@type":"ListItem","position":1,"name":"Startseite","item":"https:\/\/simplythai.li\/"},{"@type":"ListItem","position":2,"name":"Kontakt"}]},{"@type":"WebSite","@id":"https:\/\/simplythai.li\/#website","url":"https:\/\/simplythai.li\/","name":"Simply Thai","description":"Thail\u00e4ndische K\u00fcche auf h\u00f6chstem Niveau!","publisher":{"@id":"https:\/\/simplythai.li\/#organization"},"potentialAction":[{"@type":"SearchAction","target":{"@type":"EntryPoint","urlTemplate":"https:\/\/simplythai.li\/?s={search_term_string}"},"query-input":{"@type":"PropertyValueSpecification","valueRequired":true,"valueName":"search_term_string"}}],"inLanguage":"de"},{"@type":"Organization","@id":"https:\/\/simplythai.li\/#organization","name":"Simply Thai","url":"https:\/\/simplythai.li\/","logo":{"@type":"ImageObject","inLanguage":"de","@id":"https:\/\/simplythai.li\/#\/schema\/logo\/image\/","url":"https:\/\/simplythai.li\/wp-content\/uploads\/2025\/03\/Logo-1.png","contentUrl":"https:\/\/simplythai.li\/wp-content\/uploads\/2025\/03\/Logo-1.png","width":656,"height":625,"caption":"Simply Thai"},"image":{"@id":"https:\/\/simplythai.li\/#\/schema\/logo\/image\/"}}]}},"_links":{"self":[{"href":"https:\/\/simplythai.li\/index.php\/wp-json\/wp\/v2\/pages\/71","targetHints":{"allow":["GET"]}}],"collection":[{"href":"https:\/\/simplythai.li\/index.php\/wp-json\/wp\/v2\/pages"}],"about":[{"href":"https:\/\/simplythai.li\/index.php\/wp-json\/wp\/v2\/types\/page"}],"author":[{"embeddable":true,"href":"https:\/\/simplythai.li\/index.php\/wp-json\/wp\/v2\/users\/1"}],"replies":[{"embeddable":true,"href":"https:\/\/simplythai.li\/index.php\/wp-json\/wp\/v2\/comments?post=71"}],"version-history":[{"count":10,"href":"https:\/\/simplythai.li\/index.php\/wp-json\/wp\/v2\/pages\/71\/revisions"}],"predecessor-version":[{"id":287,"href":"https:\/\/simplythai.li\/index.php\/wp-json\/wp\/v2\/pages\/71\/revisions\/287"}],"wp:attachment":[{"href":"https:\/\/simplythai.li\/index.php\/wp-json\/wp\/v2\/media?parent=71"}],"curies":[{"name":"wp","href":"https:\/\/api.w.org\/{rel}","templated":true}]}}